{"id":5889,"date":"2025-09-05T17:14:09","date_gmt":"2025-09-05T17:14:09","guid":{"rendered":"https:\/\/ihsforrohu.szentesivizilabdaklub.hu\/?page_id=5889"},"modified":"2025-11-19T11:36:12","modified_gmt":"2025-11-19T11:36:12","slug":"projekt-osszefoglalo","status":"publish","type":"page","link":"https:\/\/ihsforrohu.szentesivizilabdaklub.hu\/hu\/project-summary\/","title":{"rendered":"A projekt \u00f6sszefoglal\u00e1sa"},"content":{"rendered":"<div class=\"gb-container gb-container-a76c6499\">\n<div class=\"gb-container gb-container-2a916115\">\n\n<h3 class=\"gb-headline gb-headline-a428afc0 gb-headline-text\">A projekt \u00f6sszefoglal\u00e1sa  <\/h3>\n\n\n\n<figure class=\"wp-block-image size-full image-frame img\"><img alt=\"\" decoding=\"async\" src=\"https:\/\/ihsforrohu.szentesivizilabdaklub.hu\/wp-content\/uploads\/2025\/09\/Rohu-project-summery-25.09.04-1-scaled.png\" class=\"wp-image-5893\"\/><\/figure>\n\n<\/div>\n<div class=\"gb-shapes\"><div class=\"gb-shape gb-shape-1\"><svg xmlns=\"http:\/\/www.w3.org\/2000\/svg\" viewbox=\"0 0 1200 360\" preserveaspectratio=\"none\"><path d=\"M1200 360H0V0l1200 348z\"\/><\/svg><\/div><\/div><\/div>\n\n<div class=\"gb-container gb-container-ec28d069\">\n<div class=\"gb-container gb-container-142248bf\">\n\n<div class=\"gb-element-f92e196e\">\n<img loading=\"lazy\" decoding=\"async\" width=\"2040\" height=\"236\" class=\"gb-media-4a2d7fec\" alt=\"\" src=\"https:\/\/ihsforrohu.szentesivizilabdaklub.hu\/wp-content\/uploads\/2025\/09\/fejlc-logo-eu-rohu.png\" title=\"fejlc logo eu rohu\" srcset=\"https:\/\/ihsforrohu.szentesivizilabdaklub.hu\/wp-content\/uploads\/2025\/09\/fejlc-logo-eu-rohu.png 2040w, https:\/\/ihsforrohu.szentesivizilabdaklub.hu\/wp-content\/uploads\/2025\/09\/fejlc-logo-eu-rohu-300x35.png 300w, https:\/\/ihsforrohu.szentesivizilabdaklub.hu\/wp-content\/uploads\/2025\/09\/fejlc-logo-eu-rohu-1024x118.png 1024w, https:\/\/ihsforrohu.szentesivizilabdaklub.hu\/wp-content\/uploads\/2025\/09\/fejlc-logo-eu-rohu-768x89.png 768w, https:\/\/ihsforrohu.szentesivizilabdaklub.hu\/wp-content\/uploads\/2025\/09\/fejlc-logo-eu-rohu-1536x178.png 1536w, https:\/\/ihsforrohu.szentesivizilabdaklub.hu\/wp-content\/uploads\/2025\/09\/fejlc-logo-eu-rohu-18x2.png 18w\" sizes=\"auto, (max-width: 2040px) 100vw, 2040px\" \/>\n\n\n\n<p><strong>A projekt c\u00edme:<\/strong> \"Interhealth and Sport for ROHU - Szentes \u00e9s Arad egy \u00e9leten \u00e1t tart\u00f3 mozg\u00e1s \u00e9s tanul\u00e1s \u00fatj\u00e1ra l\u00e9pnek - Szentes \u00e9s Arad az eg\u00e9sz \u00e9leten \u00e1t tart\u00f3 mozg\u00e1s \u00e9s tanul\u00e1s \u00fatj\u00e1ra l\u00e9pnek\"<\/p>\n\n\n\n<p><strong>A projekt azonos\u00edt\u00f3 sz\u00e1ma:<\/strong> ROHU00353<\/p>\n\n\n\n<p>Finansz\u00edroz\u00e1si program: Rom\u00e1nia-Magyarorsz\u00e1g 2021-2027 program: Interreg VI-A Rom\u00e1nia-Magyarorsz\u00e1g program 2021-2027<\/p>\n\n\n\n<p><strong>F\u0151kedvezm\u00e9nyezett\/Vezet\u0151 partner:<\/strong> Szentesi V\u00edzilabda Klub<\/p>\n\n\n\n<p><strong>Partner:<\/strong>&nbsp; CLUBSPORTIV ATLETICO ARAD<\/p>\n\n\n\n<p><strong>A szerz\u0151d\u00f6tt t\u00e1mogat\u00e1s \u00f6sszege:<\/strong> 199.735 EUR<\/p>\n\n\n\n<p><strong>Eur\u00f3pai Uni\u00f3s hozz\u00e1j\u00e1rul\u00e1s:<\/strong> 159.788.16 EUR<\/p>\n\n\n\n<p>Partnerek \u00e9s a t\u00e1mogat\u00e1si \u00f6sszeg megoszt\u00e1sa:<\/p>\n\n\n\n<p><strong>Szentesi V\u00edzilabda Klub:<\/strong> 109.988 EUR<\/p>\n\n\n\n<p><strong>CLUBSPORTIV ATLETICO ARAD:<\/strong> 89.747 EUR<\/p>\n\n\n\n<p><strong>A projekt megval\u00f3s\u00edt\u00e1s id\u0151szaka:<\/strong> 2025. m\u00e1jus 1. - 2025. okt\u00f3ber 31.<\/p>\n\n\n\n<p><strong>A projekt tartalm\u00e1nak bemutat\u00e1sa:<\/strong><\/p>\n\n\n\n<p>A magyar \u00e9s a rom\u00e1n gyermekek \u00e9s feln\u0151ttek m\u00e1s mozg\u00e1sform\u00e1kat v\u00e1lasztanak nap mint nap, de sajnos mind Rom\u00e1ni\u00e1ban \u00e9s Magyarorsz\u00e1gon az \u00e1tlag fiatalok \u00e9s id\u0151sek nem mozognak eleget. B\u00e1r az ut\u00f3bbi id\u0151ben mindk\u00e9t orsz\u00e1gban n\u0151tt az igazolt sportol\u00f3k sz\u00e1ma, sajnos sz\u00e1mokkal is bizony\u00edthat\u00f3, hogy az \u00e1tlagember nem mozog eleget. Mindk\u00e9t orsz\u00e1g lakoss\u00e1ga az els\u0151k k\u00f6z\u00f6tt van vil\u00e1gviszonylatban is az elh\u00edz\u00e1s, a mozg\u00e1shi\u00e1ny \u00e9s a depresszi\u00f3 tekintet\u00e9ben. A legjobb megold\u00e1s ezek ellen a mindennapos mozg\u00e1s \u00e9s sportol\u00e1s. A Szentes V\u00edzilabda Klub \u00e9s az Atletico Arad k\u00f6z\u00f6s er\u0151fesz\u00edt\u00e9ssel szeretn\u00e9 ezt megv\u00e1ltoztatni \u00e9s megmutatni, hogy m\u00e1sk\u00e9nt is lehet. Mindegy h\u00e1ny \u00e9vesek vagyunk sosem k\u00e9s\u0151 elkezdeni a mozg\u00e1st. A k\u00f6z\u00f6s edz\u0151t\u00e1boroz\u00e1s alatt egym\u00e1snak \u00faj dolgokat lehet mutatni \u00e9s egym\u00e1st\u00f3l \u00faj dolgokat lehet tanulni. A 2025. szeptember 13-ra tervezett sport \u00e9s eg\u00e9szs\u00e9gnapon pedig b\u00e1rki k\u00fcl\u00f6nb\u00f6z\u0151 mozg\u00e1sform\u00e1kat pr\u00f3b\u00e1lhat ki.<\/p>\n\n\n\n<p><strong>A v\u00e9grehajtand\u00f3 f\u0151bb tev\u00e9kenys\u00e9gek:<\/strong><\/p>\n\n\n\n<p>A p\u00e1ly\u00e1zatunk c\u00e9lja az aradi \u00e9s a szentesi klub k\u00f6z\u00f6tt kialak\u00edtand\u00f3 hat\u00e1ron \u00e1t\u00edvel\u0151 kapcsolatok meger\u0151s\u00edt\u00e9se \u00e9s elm\u00e9ly\u00edt\u00e9se. A projektekben az eg\u00e9szs\u00e9gfejleszt\u00e9sre \u00e9s a mindennapos mozg\u00e1s fontoss\u00e1g\u00e1ra szeretn\u00e9nk felh\u00edvni a lakoss\u00e1g \u00e9s a klubtagok figyelm\u00e9t. A k\u00e9t klub v\u00e1llalta, hogy 30-30 gyermeknek \u00e9s edz\u0151nek k\u00f6z\u00f6s edz\u0151t\u00e1bort szerveznek Szentesen \u00e9s Aradon. A terveink szerint 2025 Szeptember\u00e9ben fognak megval\u00f3sulni a csereprogramok. Mindk\u00e9t helysz\u00ednen a k\u00f6z\u00f6s edz\u0151t\u00e1bor egy nagyszab\u00e1s\u00fa v\u00e1rosi sport \u00e9s eg\u00e9szs\u00e9gnappal fog z\u00e1rulni, amelyen legal\u00e1bb 1000 embert szeretn\u00e9nk megmozgatni. A tervezett sportnap \u00e9s kultur\u00e1lis programok el\u0151zetes regisztr\u00e1ci\u00f3 ut\u00e1n teljesen ingyenesen lesznek l\u00e1togathat\u00f3ak. B\u00edzunk benne, hogy a tervezett programok a helyi lakoss\u00e1gnak, a klub jelenlegi \u00e9s leend\u0151 tagjait figyelm\u00e9t felkeltik \u00e9s akt\u00edvan r\u00e9szt vesznek a szervezett esem\u00e9nyeken. V\u00f6r\u00f6s Viktor \u00e9s M\u00e9sz\u00e1ros S\u00e1ndor klub eln\u00f6k\u00f6k t\u00f6rekedtek arra, hogy olyan programokat szervezzenek, amelyek minden korcsoportot megmozgatnak \u00e9s kimozd\u00edtanak otthonr\u00f3l. 2025. Szeptember 13-\u00e1n lehet majd strand r\u00f6plabd\u00e1zni, \u00faszni, futni, s\u00e9t\u00e1lni, c\u00e9lba dobni, vizes j\u00e1t\u00e9kokat kipr\u00f3b\u00e1lni, v\u00edzilabd\u00e1zni, zumb\u00e1zni, torn\u00e1zni. Term\u00e9szetesen a kult\u00fara sem maradhat el, hiszen \"Mens sana in corpore sano\" (\u00c9pp testben \u00e9pp l\u00e9lek), ez\u00e9rt szervez\u00fcnk \u00fcnnepeket, rajzol\u00e1st, n\u00e9pt\u00e1nc bemutat\u00f3t \u00e9s f\u00fav\u00f3szenekari koncertet. A projekt \u00e1ltal\u00e1nos c\u00e9lkit\u0171z\u00e9se, hogy a helyi lakoss\u00e1got megmozgassuk \u00e9s felh\u00edvjuk a figyelmet a mindennapos mozg\u00e1sra, sport fontoss\u00e1g\u00e1ra.<\/p>\n\n\n\n<p>Jelen anyag tartalma nem felt\u00e9tlen\u00fcl t\u00fckr\u00f6zi az Eur\u00f3pai Uni\u00f3 hivatalos \u00e1ll\u00e1spontj\u00e1t.<\/p>\n<\/div>\n\n\n\n<\/div>\n<\/div>","protected":false},"excerpt":{"rendered":"<p>Project Summary A projekt c\u00edme: \u201eInterhealth and Sport for ROHU &#8211; Szentes and Arad are set on a lifelong path of movement and learning &#8211; Szentes \u00e9s Arad az eg\u00e9sz \u00e9leten \u00e1t tart\u00f3 mozg\u00e1s \u00e9s tanul\u00e1s \u00fatj\u00e1ra l\u00e9pnek\u201d A projekt azonos\u00edt\u00f3 sz\u00e1ma: ROHU00353 Finansz\u00edroz\u00e1si program: Interreg VI-A Rom\u00e1nia-Magyarorsz\u00e1g program 2021-2027 F\u0151kedvezm\u00e9nyezett\/Vezet\u0151 partner: Szentesi V\u00edzilabda Klub &#8230; <a title=\"A projekt \u00f6sszefoglal\u00e1sa\" class=\"read-more\" href=\"https:\/\/ihsforrohu.szentesivizilabdaklub.hu\/hu\/project-summary\/\" aria-label=\"B\u0151vebben a projekt \u00f6sszefoglal\u00f3j\u00e1r\u00f3l\">Olvass tov\u00e1bb<\/a><\/p>","protected":false},"author":3,"featured_media":0,"parent":0,"menu_order":0,"comment_status":"closed","ping_status":"closed","template":"","meta":{"_seopress_robots_primary_cat":"","_seopress_titles_title":"","_seopress_titles_desc":"","_seopress_robots_index":"","inline_featured_image":false,"footnotes":""},"class_list":{"0":"post-5889","1":"page","2":"type-page","3":"status-publish","5":"no-featured-image-padding"},"_links":{"self":[{"href":"https:\/\/ihsforrohu.szentesivizilabdaklub.hu\/hu\/wp-json\/wp\/v2\/pages\/5889","targetHints":{"allow":["GET"]}}],"collection":[{"href":"https:\/\/ihsforrohu.szentesivizilabdaklub.hu\/hu\/wp-json\/wp\/v2\/pages"}],"about":[{"href":"https:\/\/ihsforrohu.szentesivizilabdaklub.hu\/hu\/wp-json\/wp\/v2\/types\/page"}],"author":[{"embeddable":true,"href":"https:\/\/ihsforrohu.szentesivizilabdaklub.hu\/hu\/wp-json\/wp\/v2\/users\/3"}],"replies":[{"embeddable":true,"href":"https:\/\/ihsforrohu.szentesivizilabdaklub.hu\/hu\/wp-json\/wp\/v2\/comments?post=5889"}],"version-history":[{"count":11,"href":"https:\/\/ihsforrohu.szentesivizilabdaklub.hu\/hu\/wp-json\/wp\/v2\/pages\/5889\/revisions"}],"predecessor-version":[{"id":6113,"href":"https:\/\/ihsforrohu.szentesivizilabdaklub.hu\/hu\/wp-json\/wp\/v2\/pages\/5889\/revisions\/6113"}],"wp:attachment":[{"href":"https:\/\/ihsforrohu.szentesivizilabdaklub.hu\/hu\/wp-json\/wp\/v2\/media?parent=5889"}],"curies":[{"name":"wp","href":"https:\/\/api.w.org\/{rel}","templated":true}]}}